{"id":118599,"date":"2022-04-26T16:12:17","date_gmt":"2022-04-26T14:12:17","guid":{"rendered":"http:\/\/framsikt.no\/rajesh-ethiraj\/"},"modified":"2022-08-10T13:15:22","modified_gmt":"2022-08-10T11:15:22","slug":"rajesh-ethiraj","status":"publish","type":"page","link":"https:\/\/framsikt.no\/en\/rajesh-ethiraj\/","title":{"rendered":"Rajesh Ethiraj"},"content":{"rendered":"<p>[et_pb_section fb_built=&#8221;1&#8243; _builder_version=&#8221;4.16.1&#8243; background_color=&#8221;#f7f7f7&#8243; global_colors_info=&#8221;{}&#8221;][et_pb_row column_structure=&#8221;2_5,3_5&#8243; make_equal=&#8221;on&#8221; _builder_version=&#8221;4.16.1&#8243; custom_margin=&#8221;||||true|false&#8221; global_colors_info=&#8221;{}&#8221;][et_pb_column type=&#8221;2_5&#8243; _builder_version=&#8221;4.16&#8243; custom_padding=&#8221;|||&#8221; global_colors_info=&#8221;{}&#8221; custom_padding__hover=&#8221;|||&#8221;][et_pb_image src=&#8221;https:\/\/framsikt.no\/wp-content\/uploads\/2016\/03\/Rajesh.png&#8221; alt=&#8221;Rajesh&#8221; title_text=&#8221;Rajesh&#8221; align=&#8221;center&#8221; align_tablet=&#8221;center&#8221; align_phone=&#8221;&#8221; align_last_edited=&#8221;on|desktop&#8221; _builder_version=&#8221;4.16.1&#8243; max_width=&#8221;350px&#8221; max_width_tablet=&#8221;&#8221; max_width_phone=&#8221;80%&#8221; max_width_last_edited=&#8221;on|phone&#8221; module_alignment=&#8221;center&#8221; hover_enabled=&#8221;0&#8243; module_alignment_tablet=&#8221;center&#8221; module_alignment_phone=&#8221;center&#8221; module_alignment_last_edited=&#8221;on|phone&#8221; global_colors_info=&#8221;{}&#8221; sticky_enabled=&#8221;0&#8243;][\/et_pb_image][\/et_pb_column][et_pb_column type=&#8221;3_5&#8243; _builder_version=&#8221;4.16&#8243; custom_padding=&#8221;|||&#8221; global_colors_info=&#8221;{}&#8221; custom_padding__hover=&#8221;|||&#8221;][et_pb_text _builder_version=&#8221;4.16.1&#8243; header_text_align=&#8221;left&#8221; header_font_size=&#8221;50px&#8221; custom_margin=&#8221;6%||&#8221; hover_enabled=&#8221;0&#8243; global_colors_info=&#8221;{}&#8221; sticky_enabled=&#8221;0&#8243;]<\/p>\n<h1>Rajesh Ethiraj<\/h1>\n<p>[\/et_pb_text][et_pb_text _builder_version=&#8221;4.16.1&#8243; text_font=&#8221;Overpass|300|||||||&#8221; text_font_size=&#8221;30px&#8221; header_2_font=&#8221;|300|||||||&#8221; header_2_font_size=&#8221;30px&#8221; header_3_font=&#8221;|300|||||||&#8221; custom_margin=&#8221;||6%||false|false&#8221; custom_margin_tablet=&#8221;||6%||false|false&#8221; custom_margin_phone=&#8221;||10%||false|false&#8221; custom_margin_last_edited=&#8221;on|tablet&#8221; hover_enabled=&#8221;0&#8243; text_font_size_tablet=&#8221;30px&#8221; text_font_size_phone=&#8221;25px&#8221; text_font_size_last_edited=&#8221;on|tablet&#8221; global_colors_info=&#8221;{}&#8221; sticky_enabled=&#8221;0&#8243;]<\/p>\n<p>CTO and R&amp;D leader<\/p>\n<p>[\/et_pb_text][et_pb_blurb use_icon=&#8221;on&#8221; font_icon=&#8221;&#xf0e0;||fa||400&#8243; icon_placement=&#8221;left&#8221; image_icon_width=&#8221;25px&#8221; content_max_width=&#8221;100%&#8221; _builder_version=&#8221;4.16.1&#8243; header_level=&#8221;h2&#8243; header_font=&#8221;|300|||||||&#8221; header_font_size=&#8221;23px&#8221; body_font=&#8221;Open Sans|600|||||||&#8221; body_font_size=&#8221;21px&#8221; body_link_font=&#8221;|600|||||||&#8221; body_link_text_color=&#8221;#245263&#8243; custom_margin=&#8221;2%||&#8221; hover_enabled=&#8221;0&#8243; global_colors_info=&#8221;{}&#8221; sticky_enabled=&#8221;0&#8243;]<\/p>\n<p><a href=\"mailto:rajesh@framsikt.no\">rajesh@framsikt.no<\/a><\/p>\n<p>[\/et_pb_blurb][et_pb_blurb use_icon=&#8221;on&#8221; font_icon=&#8221;&#xe081;||divi||400&#8243; icon_placement=&#8221;left&#8221; image_icon_width=&#8221;25px&#8221; content_max_width=&#8221;100%&#8221; _builder_version=&#8221;4.16.1&#8243; header_level=&#8221;h2&#8243; header_font=&#8221;|300|||||||&#8221; header_font_size=&#8221;23px&#8221; body_font=&#8221;Open Sans|600|||||||&#8221; body_text_color=&#8221;#245263&#8243; body_font_size=&#8221;21px&#8221; body_link_font=&#8221;|600|||||||&#8221; body_link_text_color=&#8221;#245263&#8243; custom_margin=&#8221;2%||&#8221; hover_enabled=&#8221;0&#8243; global_colors_info=&#8221;{}&#8221; sticky_enabled=&#8221;0&#8243;]<\/p>\n<p>Bangalore<\/p>\n<p>[\/et_pb_blurb][et_pb_text _builder_version=&#8221;4.16.1&#8243; text_font_size=&#8221;20px&#8221; text_line_height=&#8221;1.8em&#8221; custom_margin=&#8221;6%||&#8221; hover_enabled=&#8221;0&#8243; global_colors_info=&#8221;{}&#8221; sticky_enabled=&#8221;0&#8243;]<\/p>\n<p>Rajesh leads Framsikt&#8217;s development team in Bangalore and is responsible for product architecture and technology.<\/p>\n<p>He has previously worked at Symphony Teleca, ActiveLabs and Honeywell. Master&#8217;s degree in Computer Science and more than 20 years&#8217; experience with software development.<\/p>\n<p>[\/et_pb_text][et_pb_button _builder_version=&#8221;4.16&#8243; global_colors_info=&#8221;{}&#8221;][\/et_pb_button][\/et_pb_column][\/et_pb_row][\/et_pb_section]<\/p>\n","protected":false},"excerpt":{"rendered":"<p>Rajesh leads Framsikt&#8217;s development team in Bangalore and is responsible for product architecture and technology.<\/p>\n","protected":false},"author":2,"featured_media":0,"parent":0,"menu_order":0,"comment_status":"closed","ping_status":"closed","template":"","meta":{"_acf_changed":false,"_et_pb_use_builder":"on","_et_pb_old_content":"","_et_gb_content_width":"","inline_featured_image":false,"footnotes":""},"class_list":["post-118599","page","type-page","status-publish","hentry"],"acf":[],"yoast_head":"<!-- This site is optimized with the Yoast SEO Premium plugin v27.1 (Yoast SEO v27.1.1) - https:\/\/yoast.com\/product\/yoast-seo-premium-wordpress\/ -->\n<title>Rajesh Ethiraj - Framsikt<\/title>\n<meta name=\"description\" content=\"Rajesh leads Framsikt&#039;s development team in Bangalore and is responsible for product architecture and technology.\" \/>\n<meta name=\"robots\" content=\"index, follow, max-snippet:-1, max-image-preview:large, max-video-preview:-1\" \/>\n<link rel=\"canonical\" href=\"https:\/\/framsikt.no\/en\/rajesh-ethiraj\/\" \/>\n<meta property=\"og:locale\" content=\"en_US\" \/>\n<meta property=\"og:type\" content=\"article\" \/>\n<meta property=\"og:title\" content=\"Rajesh Ethiraj\" \/>\n<meta property=\"og:description\" content=\"Rajesh leads Framsikt&#039;s development team in Bangalore and is responsible for product architecture and technology.\" \/>\n<meta property=\"og:site_name\" content=\"Framsikt\" \/>\n<meta property=\"article:publisher\" content=\"https:\/\/www.facebook.com\/framsikt\/\" \/>\n<meta property=\"article:modified_time\" content=\"2022-08-10T11:15:22+00:00\" \/>\n<meta property=\"og:image\" content=\"https:\/\/framsikt.no\/wp-content\/uploads\/2025\/10\/Framsikt-Helhetlig-virksomhetsstyring-for-offentlige-virksomheter.jpg\" \/>\n\t<meta property=\"og:image:width\" content=\"1920\" \/>\n\t<meta property=\"og:image:height\" content=\"1280\" \/>\n\t<meta property=\"og:image:type\" content=\"image\/jpeg\" \/>\n<meta name=\"twitter:card\" content=\"summary_large_image\" \/>\n<meta name=\"twitter:label1\" content=\"Est. reading time\" \/>\n\t<meta name=\"twitter:data1\" content=\"2 minutes\" \/>\n<script type=\"application\/ld+json\" class=\"yoast-schema-graph\">{\"@context\":\"https:\/\/schema.org\",\"@graph\":[{\"@type\":\"WebPage\",\"@id\":\"https:\/\/framsikt.no\/en\/rajesh-ethiraj\/\",\"url\":\"https:\/\/framsikt.no\/en\/rajesh-ethiraj\/\",\"name\":\"Rajesh Ethiraj - Framsikt\",\"isPartOf\":{\"@id\":\"https:\/\/framsikt.no\/en\/#website\"},\"datePublished\":\"2022-04-26T14:12:17+00:00\",\"dateModified\":\"2022-08-10T11:15:22+00:00\",\"description\":\"Rajesh leads Framsikt's development team in Bangalore and is responsible for product architecture and technology.\",\"breadcrumb\":{\"@id\":\"https:\/\/framsikt.no\/en\/rajesh-ethiraj\/#breadcrumb\"},\"inLanguage\":\"en-US\",\"potentialAction\":[{\"@type\":\"ReadAction\",\"target\":[\"https:\/\/framsikt.no\/en\/rajesh-ethiraj\/\"]}]},{\"@type\":\"BreadcrumbList\",\"@id\":\"https:\/\/framsikt.no\/en\/rajesh-ethiraj\/#breadcrumb\",\"itemListElement\":[{\"@type\":\"ListItem\",\"position\":1,\"name\":\"Hjem\",\"item\":\"https:\/\/framsikt.no\/en\/\"},{\"@type\":\"ListItem\",\"position\":2,\"name\":\"Rajesh Ethiraj\"}]},{\"@type\":\"WebSite\",\"@id\":\"https:\/\/framsikt.no\/en\/#website\",\"url\":\"https:\/\/framsikt.no\/en\/\",\"name\":\"Framsikt\",\"description\":\"Se helheten - styr framtiden\",\"publisher\":{\"@id\":\"https:\/\/framsikt.no\/en\/#organization\"},\"potentialAction\":[{\"@type\":\"SearchAction\",\"target\":{\"@type\":\"EntryPoint\",\"urlTemplate\":\"https:\/\/framsikt.no\/en\/?s={search_term_string}\"},\"query-input\":{\"@type\":\"PropertyValueSpecification\",\"valueRequired\":true,\"valueName\":\"search_term_string\"}}],\"inLanguage\":\"en-US\"},{\"@type\":\"Organization\",\"@id\":\"https:\/\/framsikt.no\/en\/#organization\",\"name\":\"Framsikt AS\",\"alternateName\":\"Framsikt\",\"url\":\"https:\/\/framsikt.no\/en\/\",\"logo\":{\"@type\":\"ImageObject\",\"inLanguage\":\"en-US\",\"@id\":\"https:\/\/framsikt.no\/en\/#\/schema\/logo\/image\/\",\"url\":\"https:\/\/framsikt.no\/wp-content\/uploads\/2020\/08\/Framsikt-logo_RGB_P\u00e5litelig-bl\u00e5-2-e1597648761725.png\",\"contentUrl\":\"https:\/\/framsikt.no\/wp-content\/uploads\/2020\/08\/Framsikt-logo_RGB_P\u00e5litelig-bl\u00e5-2-e1597648761725.png\",\"width\":300,\"height\":147,\"caption\":\"Framsikt AS\"},\"image\":{\"@id\":\"https:\/\/framsikt.no\/en\/#\/schema\/logo\/image\/\"},\"sameAs\":[\"https:\/\/www.facebook.com\/framsikt\/\",\"https:\/\/www.instagram.com\/framsikt_as\/\",\"https:\/\/www.linkedin.com\/company\/4839200\/\",\"https:\/\/www.youtube.com\/channel\/UChNChR1x4yG83ZIfXUzBdAw\"],\"description\":\"Privat selskap; programvare \/ SaaS (Software as a Service) for offentlig sektor (\u00f8konomistyring og rapportering). Framsikt tilbyr en skybasert l\u00f8sning for helhetlig virksomhetsstyring. Analyse, planlegging, m\u00e5l- og resultatstyring, budsjettering, rapportering og politikermedvirkning \u2013 alt i et og samme verkt\u00f8y.\",\"email\":\"post@framsikt.no\",\"telephone\":\"76 20 17 62\",\"legalName\":\"Framsikt AS\",\"foundingDate\":\"2014-01-08\",\"vatID\":\"913187512\",\"numberOfEmployees\":{\"@type\":\"QuantitativeValue\",\"minValue\":\"201\",\"maxValue\":\"500\"},\"ownershipFundingInfo\":\"https:\/\/framsikt.no\/om-oss\/\",\"ethicsPolicy\":\"https:\/\/framsikt.no\/personvern\/\",\"diversityStaffingReport\":\"https:\/\/framsikt.no\/arp-redegjorelse\/\"}]}<\/script>\n<!-- \/ Yoast SEO Premium plugin. -->","yoast_head_json":{"title":"Rajesh Ethiraj - Framsikt","description":"Rajesh leads Framsikt's development team in Bangalore and is responsible for product architecture and technology.","robots":{"index":"index","follow":"follow","max-snippet":"max-snippet:-1","max-image-preview":"max-image-preview:large","max-video-preview":"max-video-preview:-1"},"canonical":"https:\/\/framsikt.no\/en\/rajesh-ethiraj\/","og_locale":"en_US","og_type":"article","og_title":"Rajesh Ethiraj","og_description":"Rajesh leads Framsikt's development team in Bangalore and is responsible for product architecture and technology.","og_site_name":"Framsikt","article_publisher":"https:\/\/www.facebook.com\/framsikt\/","article_modified_time":"2022-08-10T11:15:22+00:00","og_image":[{"width":1920,"height":1280,"url":"https:\/\/framsikt.no\/wp-content\/uploads\/2025\/10\/Framsikt-Helhetlig-virksomhetsstyring-for-offentlige-virksomheter.jpg","type":"image\/jpeg"}],"twitter_card":"summary_large_image","twitter_misc":{"Est. reading time":"2 minutes"},"schema":{"@context":"https:\/\/schema.org","@graph":[{"@type":"WebPage","@id":"https:\/\/framsikt.no\/en\/rajesh-ethiraj\/","url":"https:\/\/framsikt.no\/en\/rajesh-ethiraj\/","name":"Rajesh Ethiraj - Framsikt","isPartOf":{"@id":"https:\/\/framsikt.no\/en\/#website"},"datePublished":"2022-04-26T14:12:17+00:00","dateModified":"2022-08-10T11:15:22+00:00","description":"Rajesh leads Framsikt's development team in Bangalore and is responsible for product architecture and technology.","breadcrumb":{"@id":"https:\/\/framsikt.no\/en\/rajesh-ethiraj\/#breadcrumb"},"inLanguage":"en-US","potentialAction":[{"@type":"ReadAction","target":["https:\/\/framsikt.no\/en\/rajesh-ethiraj\/"]}]},{"@type":"BreadcrumbList","@id":"https:\/\/framsikt.no\/en\/rajesh-ethiraj\/#breadcrumb","itemListElement":[{"@type":"ListItem","position":1,"name":"Hjem","item":"https:\/\/framsikt.no\/en\/"},{"@type":"ListItem","position":2,"name":"Rajesh Ethiraj"}]},{"@type":"WebSite","@id":"https:\/\/framsikt.no\/en\/#website","url":"https:\/\/framsikt.no\/en\/","name":"Framsikt","description":"Se helheten - styr framtiden","publisher":{"@id":"https:\/\/framsikt.no\/en\/#organization"},"potentialAction":[{"@type":"SearchAction","target":{"@type":"EntryPoint","urlTemplate":"https:\/\/framsikt.no\/en\/?s={search_term_string}"},"query-input":{"@type":"PropertyValueSpecification","valueRequired":true,"valueName":"search_term_string"}}],"inLanguage":"en-US"},{"@type":"Organization","@id":"https:\/\/framsikt.no\/en\/#organization","name":"Framsikt AS","alternateName":"Framsikt","url":"https:\/\/framsikt.no\/en\/","logo":{"@type":"ImageObject","inLanguage":"en-US","@id":"https:\/\/framsikt.no\/en\/#\/schema\/logo\/image\/","url":"https:\/\/framsikt.no\/wp-content\/uploads\/2020\/08\/Framsikt-logo_RGB_P\u00e5litelig-bl\u00e5-2-e1597648761725.png","contentUrl":"https:\/\/framsikt.no\/wp-content\/uploads\/2020\/08\/Framsikt-logo_RGB_P\u00e5litelig-bl\u00e5-2-e1597648761725.png","width":300,"height":147,"caption":"Framsikt AS"},"image":{"@id":"https:\/\/framsikt.no\/en\/#\/schema\/logo\/image\/"},"sameAs":["https:\/\/www.facebook.com\/framsikt\/","https:\/\/www.instagram.com\/framsikt_as\/","https:\/\/www.linkedin.com\/company\/4839200\/","https:\/\/www.youtube.com\/channel\/UChNChR1x4yG83ZIfXUzBdAw"],"description":"Privat selskap; programvare \/ SaaS (Software as a Service) for offentlig sektor (\u00f8konomistyring og rapportering). Framsikt tilbyr en skybasert l\u00f8sning for helhetlig virksomhetsstyring. Analyse, planlegging, m\u00e5l- og resultatstyring, budsjettering, rapportering og politikermedvirkning \u2013 alt i et og samme verkt\u00f8y.","email":"post@framsikt.no","telephone":"76 20 17 62","legalName":"Framsikt AS","foundingDate":"2014-01-08","vatID":"913187512","numberOfEmployees":{"@type":"QuantitativeValue","minValue":"201","maxValue":"500"},"ownershipFundingInfo":"https:\/\/framsikt.no\/om-oss\/","ethicsPolicy":"https:\/\/framsikt.no\/personvern\/","diversityStaffingReport":"https:\/\/framsikt.no\/arp-redegjorelse\/"}]}},"_links":{"self":[{"href":"https:\/\/framsikt.no\/en\/wp-json\/wp\/v2\/pages\/118599","targetHints":{"allow":["GET"]}}],"collection":[{"href":"https:\/\/framsikt.no\/en\/wp-json\/wp\/v2\/pages"}],"about":[{"href":"https:\/\/framsikt.no\/en\/wp-json\/wp\/v2\/types\/page"}],"author":[{"embeddable":true,"href":"https:\/\/framsikt.no\/en\/wp-json\/wp\/v2\/users\/2"}],"replies":[{"embeddable":true,"href":"https:\/\/framsikt.no\/en\/wp-json\/wp\/v2\/comments?post=118599"}],"version-history":[{"count":2,"href":"https:\/\/framsikt.no\/en\/wp-json\/wp\/v2\/pages\/118599\/revisions"}],"predecessor-version":[{"id":118601,"href":"https:\/\/framsikt.no\/en\/wp-json\/wp\/v2\/pages\/118599\/revisions\/118601"}],"wp:attachment":[{"href":"https:\/\/framsikt.no\/en\/wp-json\/wp\/v2\/media?parent=118599"}],"curies":[{"name":"wp","href":"https:\/\/api.w.org\/{rel}","templated":true}]}}